{"id":19863,"date":"2024-01-11T15:47:50","date_gmt":"2024-01-11T14:47:50","guid":{"rendered":"https:\/\/www.sauris.org\/e-se-piove-o-no-neve\/"},"modified":"2024-06-18T14:46:33","modified_gmt":"2024-06-18T12:46:33","slug":"und-bei-regen-oder-fehlendem-schnee","status":"publish","type":"page","link":"https:\/\/www.sauris.org\/de\/was-tun\/und-bei-regen-oder-fehlendem-schnee\/","title":{"rendered":"Und bei Regen oder fehlendem Schnee?"},"content":{"rendered":"[vc_row type=&#8220;full_width_content&#8220; full_screen_row_position=&#8220;middle&#8220; column_margin=&#8220;default&#8220; column_direction=&#8220;default&#8220; column_direction_tablet=&#8220;default&#8220; column_direction_phone=&#8220;default&#8220; bg_image=&#8220;4564&#8243; bg_position=&#8220;center center&#8220; background_image_loading=&#8220;default&#8220; bg_repeat=&#8220;no-repeat&#8220; scene_position=&#8220;center&#8220; text_color=&#8220;dark&#8220; text_align=&#8220;left&#8220; row_border_radius=&#8220;none&#8220; row_border_radius_applies=&#8220;bg&#8220; overflow=&#8220;visible&#8220; class=&#8220;lineaMontBianca&#8220; enable_gradient=&#8220;true&#8220; color_overlay=&#8220;rgba(0,0,0,0.55)&#8220; color_overlay_2=&#8220;rgba(0,0,0,0.01)&#8220; overlay_strength=&#8220;1&#8243; gradient_direction=&#8220;top_to_bottom&#8220; shape_divider_position=&#8220;bottom&#8220; bg_image_animation=&#8220;none&#8220; gradient_type=&#8220;default&#8220; shape_type=&#8220;&#8220;][vc_column column_padding=&#8220;no-extra-padding&#8220; column_padding_tablet=&#8220;inherit&#8220; column_padding_phone=&#8220;inherit&#8220; column_padding_position=&#8220;all&#8220; column_element_direction_desktop=&#8220;default&#8220; column_element_spacing=&#8220;default&#8220; desktop_text_alignment=&#8220;default&#8220; tablet_text_alignment=&#8220;default&#8220; phone_text_alignment=&#8220;default&#8220; background_color_opacity=&#8220;1&#8243; background_hover_color_opacity=&#8220;1&#8243; column_backdrop_filter=&#8220;none&#8220; column_shadow=&#8220;none&#8220; column_border_radius=&#8220;none&#8220; column_link_target=&#8220;_self&#8220; column_position=&#8220;default&#8220; gradient_direction=&#8220;left_to_right&#8220; overlay_strength=&#8220;0.3&#8243; width=&#8220;1\/1&#8243; tablet_width_inherit=&#8220;default&#8220; animation_type=&#8220;default&#8220; bg_image_animation=&#8220;none&#8220; border_type=&#8220;simple&#8220; column_border_width=&#8220;none&#8220; column_border_style=&#8220;solid&#8220;][vc_row_inner column_margin=&#8220;default&#8220; column_direction=&#8220;default&#8220; column_direction_tablet=&#8220;default&#8220; column_direction_phone=&#8220;default&#8220; text_align=&#8220;left&#8220; row_position=&#8220;default&#8220; row_position_tablet=&#8220;inherit&#8220; row_position_phone=&#8220;inherit&#8220; overflow=&#8220;visible&#8220; pointer_events=&#8220;all&#8220; class=&#8220;slogan&#8220;][vc_column_inner column_padding=&#8220;no-extra-padding&#8220; column_padding_tablet=&#8220;inherit&#8220; column_padding_phone=&#8220;inherit&#8220; column_padding_position=&#8220;all&#8220; column_element_direction_desktop=&#8220;default&#8220; column_element_spacing=&#8220;default&#8220; desktop_text_alignment=&#8220;center&#8220; tablet_text_alignment=&#8220;default&#8220; phone_text_alignment=&#8220;default&#8220; background_color_opacity=&#8220;1&#8243; background_hover_color_opacity=&#8220;1&#8243; column_backdrop_filter=&#8220;none&#8220; font_color=&#8220;#ffffff&#8220; column_shadow=&#8220;none&#8220; column_border_radius=&#8220;none&#8220; column_link_target=&#8220;_self&#8220; overflow=&#8220;visible&#8220; gradient_direction=&#8220;left_to_right&#8220; overlay_strength=&#8220;0.3&#8243; width=&#8220;1\/1&#8243; tablet_width_inherit=&#8220;default&#8220; animation_type=&#8220;default&#8220; enable_animation=&#8220;true&#8220; animation=&#8220;fade-in&#8220; animation_easing=&#8220;default&#8220; bg_image_animation=&#8220;none&#8220; border_type=&#8220;simple&#8220; column_border_width=&#8220;none&#8220; column_border_style=&#8220;solid&#8220; column_padding_type=&#8220;default&#8220; gradient_type=&#8220;default&#8220; delay=&#8220;500&#8243;][vc_column_text]\n<h1>Und bei Regen oder fehlendem Schnee?<\/h1>\n[\/vc_column_text][divider line_type=&#8220;No Line&#8220; custom_height=&#8220;15&#8243;][vc_column_text]\n<h3>Was kann man in Sauris bei Regen oder fehlendem Schnee tun?<br \/>\nEntdecken Sie tausend unterhaltsame M\u00f6glichkeiten, das Dorf bei jedem Wetter zu genie\u00dfen!<\/h3>\n[\/vc_column_text][\/vc_column_inner][\/vc_row_inner][divider line_type=&#8220;No Line&#8220; custom_height=&#8220;600&#8243; custom_height_tablet=&#8220;450&#8243; custom_height_phone=&#8220;300&#8243;][\/vc_column][\/vc_row][vc_row type=&#8220;in_container&#8220; full_screen_row_position=&#8220;middle&#8220; column_margin=&#8220;default&#8220; column_direction=&#8220;default&#8220; column_direction_tablet=&#8220;default&#8220; column_direction_phone=&#8220;default&#8220; scene_position=&#8220;center&#8220; top_padding=&#8220;40&#8243; top_padding_tablet=&#8220;0&#8243; text_color=&#8220;dark&#8220; text_align=&#8220;left&#8220; row_border_radius=&#8220;none&#8220; row_border_radius_applies=&#8220;bg&#8220; overflow=&#8220;visible&#8220; overlay_strength=&#8220;0.3&#8243; gradient_direction=&#8220;left_to_right&#8220; shape_divider_position=&#8220;bottom&#8220; bg_image_animation=&#8220;none&#8220; gradient_type=&#8220;default&#8220; shape_type=&#8220;&#8220;][vc_column column_padding=&#8220;no-extra-padding&#8220; column_padding_tablet=&#8220;inherit&#8220; column_padding_phone=&#8220;inherit&#8220; column_padding_position=&#8220;all&#8220; column_element_direction_desktop=&#8220;default&#8220; column_element_spacing=&#8220;default&#8220; desktop_text_alignment=&#8220;center&#8220; tablet_text_alignment=&#8220;left&#8220; phone_text_alignment=&#8220;default&#8220; background_color_opacity=&#8220;1&#8243; background_hover_color_opacity=&#8220;1&#8243; column_backdrop_filter=&#8220;none&#8220; column_shadow=&#8220;none&#8220; column_border_radius=&#8220;none&#8220; column_link_target=&#8220;_self&#8220; column_position=&#8220;default&#8220; gradient_direction=&#8220;left_to_right&#8220; overlay_strength=&#8220;0.3&#8243; width=&#8220;1\/1&#8243; tablet_width_inherit=&#8220;default&#8220; animation_type=&#8220;default&#8220; enable_animation=&#8220;true&#8220; animation=&#8220;fade-in&#8220; animation_easing=&#8220;default&#8220; bg_image_animation=&#8220;none&#8220; border_type=&#8220;simple&#8220; column_border_width=&#8220;none&#8220; column_border_style=&#8220;solid&#8220; column_padding_type=&#8220;default&#8220; gradient_type=&#8220;default&#8220; delay=&#8220;300&#8243;][vc_column_text]<strong>Es regnet? Es liegt kein Schnee? Machen Sie sich keine Sorgen! <\/strong>In Sauris k\u00f6nnen Sie jede Menge Spa\u00df haben, auch wenn Ihnen das Wetter einen Streich spielt!<\/p>\n<p>Nutzen Sie eine Reihe einzigartiger Angebote, die Sie auch drinnen wahrnehmen k\u00f6nnen: <strong>Verkostungen<\/strong> typischer Produkte von Sauris und <strong>Besichtigungen der Herstellungsorte<\/strong>, <strong>Erholungsm\u00f6glichkeiten im Wellness-Zentrum<\/strong>, <strong>Bildungsangebote<\/strong> und viele <strong>Workshops<\/strong> und <strong>Themenkurse<\/strong>!<\/p>\n<p>Was halten Sie davon, <strong>zu lernen, wie man Seifen herstellt<\/strong>, <strong>ein eigenes Rezept f\u00fcr Kr\u00e4utertee kreiert<\/strong> oder Holz schnitzt. Oder wollen Sie vielleicht <strong>die lokale Sprache Zahrisch erlernen<\/strong>, in die Welt der Garne und des Webens von Kette und Schuss eintauchen und lernen, wie man <strong>einen Handwebstuhl benutzt<\/strong>? Oder sind Sie doch eher an unserem ungew\u00f6hnlichen <strong>kulturellen<\/strong> &#8222;<strong>Escape Room<\/strong>\u201c interessiert: einem Abenteuer im ethnografischen Zentrum von Sauris, aus dem Sie nur &#8222;entkommen&#8220; k\u00f6nnen, wenn Sie R\u00e4tsel und Geheimnisse \u00fcber die Traditionen des Dorfes l\u00f6sen&#8230;<\/p>\n<p>Je nach Jahreszeit k\u00f6nnen Sie in Sauris eine Vielzahl von Freizeitangeboten wahrnehmen, auch wenn das Wetter drau\u00dfen nicht so ist, wie Sie es sich w\u00fcnschen: Machen Sie Ihren Urlaub unvergesslich und vergn\u00fcgen Sie sich auf eine Art und Weise, die Sie so nicht erwartet haben![\/vc_column_text][divider line_type=&#8220;No Line&#8220; custom_height=&#8220;30&#8243;][\/vc_column][\/vc_row][vc_row type=&#8220;in_container&#8220; full_screen_row_position=&#8220;middle&#8220; column_margin=&#8220;default&#8220; column_direction=&#8220;default&#8220; column_direction_tablet=&#8220;default&#8220; column_direction_phone=&#8220;default&#8220; scene_position=&#8220;center&#8220; top_padding=&#8220;60&#8243; constrain_group_1=&#8220;yes&#8220; bottom_padding=&#8220;60&#8243; top_padding_tablet=&#8220;30&#8243; constrain_group_3=&#8220;yes&#8220; bottom_padding_tablet=&#8220;30&#8243; text_color=&#8220;dark&#8220; text_align=&#8220;left&#8220; row_border_radius=&#8220;none&#8220; row_border_radius_applies=&#8220;bg&#8220; overflow=&#8220;visible&#8220; overlay_strength=&#8220;0.3&#8243; gradient_direction=&#8220;left_to_right&#8220; shape_divider_position=&#8220;bottom&#8220; bg_image_animation=&#8220;none&#8220; gradient_type=&#8220;default&#8220; shape_type=&#8220;&#8220;][vc_column column_padding=&#8220;no-extra-padding&#8220; column_padding_tablet=&#8220;inherit&#8220; column_padding_phone=&#8220;inherit&#8220; column_padding_position=&#8220;all&#8220; left_margin=&#8220;25%&#8220; constrain_group_2=&#8220;yes&#8220; right_margin=&#8220;25%&#8220; column_element_direction_desktop=&#8220;default&#8220; column_element_spacing=&#8220;default&#8220; desktop_text_alignment=&#8220;center&#8220; tablet_text_alignment=&#8220;default&#8220; phone_text_alignment=&#8220;default&#8220; background_color_opacity=&#8220;1&#8243; background_hover_color_opacity=&#8220;1&#8243; column_backdrop_filter=&#8220;none&#8220; column_shadow=&#8220;none&#8220; column_border_radius=&#8220;none&#8220; column_link_target=&#8220;_self&#8220; column_position=&#8220;default&#8220; gradient_direction=&#8220;left_to_right&#8220; overlay_strength=&#8220;0.3&#8243; width=&#8220;1\/1&#8243; tablet_width_inherit=&#8220;default&#8220; animation_type=&#8220;default&#8220; bg_image_animation=&#8220;none&#8220; border_type=&#8220;simple&#8220; column_border_width=&#8220;none&#8220; column_border_style=&#8220;solid&#8220; column_padding_type=&#8220;default&#8220; gradient_type=&#8220;default&#8220;][image_with_animation image_url=&#8220;58&#8243; image_size=&#8220;full&#8220; animation_type=&#8220;entrance&#8220; animation=&#8220;None&#8220; animation_movement_type=&#8220;transform_y&#8220; hover_animation=&#8220;none&#8220; alignment=&#8220;center&#8220; border_radius=&#8220;none&#8220; box_shadow=&#8220;none&#8220; image_loading=&#8220;default&#8220; max_width=&#8220;100%&#8220; max_width_mobile=&#8220;default&#8220; el_class=&#8220;img-svg-verde&#8220;][\/vc_column][\/vc_row][vc_row type=&#8220;full_width_content&#8220; full_screen_row_position=&#8220;middle&#8220; column_margin=&#8220;default&#8220; column_direction=&#8220;default&#8220; column_direction_tablet=&#8220;default&#8220; column_direction_phone=&#8220;default&#8220; scene_position=&#8220;center&#8220; text_color=&#8220;dark&#8220; text_align=&#8220;left&#8220; row_border_radius=&#8220;none&#8220; row_border_radius_applies=&#8220;bg&#8220; overflow=&#8220;visible&#8220; overlay_strength=&#8220;0.3&#8243; gradient_direction=&#8220;left_to_right&#8220; shape_divider_position=&#8220;bottom&#8220; bg_image_animation=&#8220;none&#8220; gradient_type=&#8220;default&#8220; shape_type=&#8220;&#8220;][vc_column column_padding=&#8220;no-extra-padding&#8220; column_padding_tablet=&#8220;inherit&#8220; column_padding_phone=&#8220;inherit&#8220; column_padding_position=&#8220;all&#8220; column_element_direction_desktop=&#8220;default&#8220; column_element_spacing=&#8220;default&#8220; desktop_text_alignment=&#8220;default&#8220; tablet_text_alignment=&#8220;default&#8220; phone_text_alignment=&#8220;default&#8220; background_color_opacity=&#8220;1&#8243; background_hover_color_opacity=&#8220;1&#8243; column_backdrop_filter=&#8220;none&#8220; column_shadow=&#8220;none&#8220; column_border_radius=&#8220;none&#8220; column_link_target=&#8220;_self&#8220; column_position=&#8220;default&#8220; gradient_direction=&#8220;left_to_right&#8220; overlay_strength=&#8220;0.3&#8243; width=&#8220;1\/1&#8243; tablet_width_inherit=&#8220;default&#8220; animation_type=&#8220;default&#8220; bg_image_animation=&#8220;none&#8220; border_type=&#8220;simple&#8220; column_border_width=&#8220;none&#8220; column_border_style=&#8220;solid&#8220;][nectar_post_grid post_type=&#8220;custom&#8220; cpt_name=&#8220;post&#8220; order=&#8220;DESC&#8220; orderby=&#8220;rand&#8220; pagination=&#8220;none&#8220; columns=&#8220;4&#8243; columns_tablet=&#8220;default&#8220; columns_phone=&#8220;default&#8220; grid_item_spacing=&#8220;15px&#8220; grid_item_height=&#8220;30vh&#8220; 4_col_masonry_layout=&#8220;default&#8220; image_size=&#8220;large&#8220; image_loading=&#8220;default&#8220; animation=&#8220;none&#8220; animation_stagger=&#8220;90&#8243; animation_easing=&#8220;default&#8220; heading_tag=&#8220;default&#8220; additional_meta_size=&#8220;default&#8220; grid_style=&#8220;content_overlaid&#8220; text_content_layout=&#8220;all_bottom_left&#8220; color_overlay=&#8220;#0a0a0a&#8220; color_overlay_opacity=&#8220;0.3&#8243; color_overlay_hover_opacity=&#8220;0.7&#8243; text_color=&#8220;light&#8220; text_color_hover=&#8220;light&#8220; text_opacity=&#8220;1&#8243; text_hover_opacity=&#8220;1&#8243; hover_effect=&#8220;none&#8220; border_radius=&#8220;10px&#8220; content_overlaid_padding_desktop=&#8220;30px&#8220; display_type=&#8220;grid&#8220; css_class_name=&#8220;list01&#8243; custom_query_tax=&#8220;307&#8243;][\/vc_column][\/vc_row]\n","protected":false},"excerpt":{"rendered":"<p>[vc_row type=&#8220;full_width_content&#8220; full_screen_row_position=&#8220;middle&#8220; column_margin=&#8220;default&#8220; column_direction=&#8220;default&#8220; column_direction_tablet=&#8220;default&#8220; column_direction_phone=&#8220;default&#8220; bg_image=&#8220;4564&#8243; bg_position=&#8220;center center&#8220; background_image_loading=&#8220;default&#8220; bg_repeat=&#8220;no-repeat&#8220; scene_position=&#8220;center&#8220; text_color=&#8220;dark&#8220; text_align=&#8220;left&#8220; row_border_radius=&#8220;none&#8220; row_border_radius_applies=&#8220;bg&#8220; overflow=&#8220;visible&#8220; class=&#8220;lineaMontBianca&#8220; enable_gradient=&#8220;true&#8220; color_overlay=&#8220;rgba(0,0,0,0.55)&#8220; color_overlay_2=&#8220;rgba(0,0,0,0.01)&#8220; overlay_strength=&#8220;1&#8243; gradient_direction=&#8220;top_to_bottom&#8220; shape_divider_position=&#8220;bottom&#8220; bg_image_animation=&#8220;none&#8220; gradient_type=&#8220;default&#8220; shape_type=&#8220;&#8220;][vc_column column_padding=&#8220;no-extra-padding&#8220; column_padding_tablet=&#8220;inherit&#8220;&#8230;<\/p>\n","protected":false},"author":15,"featured_media":0,"parent":20023,"menu_order":0,"comment_status":"closed","ping_status":"closed","template":"","meta":{"_acf_changed":false,"footnotes":""},"class_list":["post-19863","page","type-page","status-publish"],"acf":[],"yoast_head":"<!-- This site is optimized with the Yoast SEO plugin v24.3 - https:\/\/yoast.com\/wordpress\/plugins\/seo\/ -->\n<title>Und bei Regen oder fehlendem Schnee? &#8226; Sauris Zahre<\/title>\n<meta name=\"robots\" content=\"index, follow, max-snippet:-1, max-image-preview:large, max-video-preview:-1\" \/>\n<link rel=\"canonical\" href=\"https:\/\/www.sauris.org\/de\/was-tun\/und-bei-regen-oder-fehlendem-schnee\/\" \/>\n<meta property=\"og:locale\" content=\"de_DE\" \/>\n<meta property=\"og:type\" content=\"article\" \/>\n<meta property=\"og:title\" content=\"Und bei Regen oder fehlendem Schnee? &#8226; Sauris Zahre\" \/>\n<meta property=\"og:description\" content=\"[vc_row type=&#8220;full_width_content&#8220; full_screen_row_position=&#8220;middle&#8220; column_margin=&#8220;default&#8220; column_direction=&#8220;default&#8220; column_direction_tablet=&#8220;default&#8220; column_direction_phone=&#8220;default&#8220; bg_image=&#8220;4564&#8243; bg_position=&#8220;center center&#8220; background_image_loading=&#8220;default&#8220; bg_repeat=&#8220;no-repeat&#8220; scene_position=&#8220;center&#8220; text_color=&#8220;dark&#8220; text_align=&#8220;left&#8220; row_border_radius=&#8220;none&#8220; row_border_radius_applies=&#8220;bg&#8220; overflow=&#8220;visible&#8220; class=&#8220;lineaMontBianca&#8220; enable_gradient=&#8220;true&#8220; color_overlay=&#8220;rgba(0,0,0,0.55)&#8220; color_overlay_2=&#8220;rgba(0,0,0,0.01)&#8220; overlay_strength=&#8220;1&#8243; gradient_direction=&#8220;top_to_bottom&#8220; shape_divider_position=&#8220;bottom&#8220; bg_image_animation=&#8220;none&#8220; gradient_type=&#8220;default&#8220; shape_type=&#8220;&#8220;][vc_column column_padding=&#8220;no-extra-padding&#8220; column_padding_tablet=&#8220;inherit&#8220;...\" \/>\n<meta property=\"og:url\" content=\"https:\/\/www.sauris.org\/de\/was-tun\/und-bei-regen-oder-fehlendem-schnee\/\" \/>\n<meta property=\"og:site_name\" content=\"Sauris Zahre\" \/>\n<meta property=\"article:publisher\" content=\"https:\/\/www.facebook.com\/SaurisZahre\" \/>\n<meta property=\"article:modified_time\" content=\"2024-06-18T12:46:33+00:00\" \/>\n<meta property=\"og:image\" content=\"https:\/\/www.sauris.org\/wp-content\/uploads\/2023\/11\/header-home-01.jpg\" \/>\n\t<meta property=\"og:image:width\" content=\"1920\" \/>\n\t<meta property=\"og:image:height\" content=\"1080\" \/>\n\t<meta property=\"og:image:type\" content=\"image\/jpeg\" \/>\n<meta name=\"twitter:card\" content=\"summary_large_image\" \/>\n<meta name=\"twitter:label1\" content=\"Gesch\u00e4tzte Lesezeit\" \/>\n\t<meta name=\"twitter:data1\" content=\"4 Minuten\" \/>\n<script type=\"application\/ld+json\" class=\"yoast-schema-graph\">{\"@context\":\"https:\/\/schema.org\",\"@graph\":[{\"@type\":\"WebPage\",\"@id\":\"https:\/\/www.sauris.org\/de\/was-tun\/und-bei-regen-oder-fehlendem-schnee\/\",\"url\":\"https:\/\/www.sauris.org\/de\/was-tun\/und-bei-regen-oder-fehlendem-schnee\/\",\"name\":\"Und bei Regen oder fehlendem Schnee? &#8226; Sauris Zahre\",\"isPartOf\":{\"@id\":\"https:\/\/www.sauris.org\/#website\"},\"datePublished\":\"2024-01-11T14:47:50+00:00\",\"dateModified\":\"2024-06-18T12:46:33+00:00\",\"breadcrumb\":{\"@id\":\"https:\/\/www.sauris.org\/de\/was-tun\/und-bei-regen-oder-fehlendem-schnee\/#breadcrumb\"},\"inLanguage\":\"de-DE\",\"potentialAction\":[{\"@type\":\"ReadAction\",\"target\":[\"https:\/\/www.sauris.org\/de\/was-tun\/und-bei-regen-oder-fehlendem-schnee\/\"]}]},{\"@type\":\"BreadcrumbList\",\"@id\":\"https:\/\/www.sauris.org\/de\/was-tun\/und-bei-regen-oder-fehlendem-schnee\/#breadcrumb\",\"itemListElement\":[{\"@type\":\"ListItem\",\"position\":1,\"name\":\"Home\",\"item\":\"https:\/\/www.sauris.org\/de\/\"},{\"@type\":\"ListItem\",\"position\":2,\"name\":\"Was tun\",\"item\":\"https:\/\/www.sauris.org\/de\/was-tun\/\"},{\"@type\":\"ListItem\",\"position\":3,\"name\":\"Und bei Regen oder fehlendem Schnee?\"}]},{\"@type\":\"WebSite\",\"@id\":\"https:\/\/www.sauris.org\/#website\",\"url\":\"https:\/\/www.sauris.org\/\",\"name\":\"Rete Sauris\",\"description\":\"Turismo Sauris Friuli Venezia Giulia\",\"publisher\":{\"@id\":\"https:\/\/www.sauris.org\/#organization\"},\"potentialAction\":[{\"@type\":\"SearchAction\",\"target\":{\"@type\":\"EntryPoint\",\"urlTemplate\":\"https:\/\/www.sauris.org\/?s={search_term_string}\"},\"query-input\":{\"@type\":\"PropertyValueSpecification\",\"valueRequired\":true,\"valueName\":\"search_term_string\"}}],\"inLanguage\":\"de-DE\"},{\"@type\":\"Organization\",\"@id\":\"https:\/\/www.sauris.org\/#organization\",\"name\":\"Turismo Sauris Friuli Venezia Giulia\",\"url\":\"https:\/\/www.sauris.org\/\",\"logo\":{\"@type\":\"ImageObject\",\"inLanguage\":\"de-DE\",\"@id\":\"https:\/\/www.sauris.org\/#\/schema\/logo\/image\/\",\"url\":\"https:\/\/www.sauris.org\/wp-content\/uploads\/2023\/11\/rete-sauris-logo-bianco.png\",\"contentUrl\":\"https:\/\/www.sauris.org\/wp-content\/uploads\/2023\/11\/rete-sauris-logo-bianco.png\",\"width\":512,\"height\":105,\"caption\":\"Turismo Sauris Friuli Venezia Giulia\"},\"image\":{\"@id\":\"https:\/\/www.sauris.org\/#\/schema\/logo\/image\/\"},\"sameAs\":[\"https:\/\/www.facebook.com\/SaurisZahre\"]}]}<\/script>\n<!-- \/ Yoast SEO plugin. -->","yoast_head_json":{"title":"Und bei Regen oder fehlendem Schnee? &#8226; Sauris Zahre","robots":{"index":"index","follow":"follow","max-snippet":"max-snippet:-1","max-image-preview":"max-image-preview:large","max-video-preview":"max-video-preview:-1"},"canonical":"https:\/\/www.sauris.org\/de\/was-tun\/und-bei-regen-oder-fehlendem-schnee\/","og_locale":"de_DE","og_type":"article","og_title":"Und bei Regen oder fehlendem Schnee? &#8226; Sauris Zahre","og_description":"[vc_row type=&#8220;full_width_content&#8220; full_screen_row_position=&#8220;middle&#8220; column_margin=&#8220;default&#8220; column_direction=&#8220;default&#8220; column_direction_tablet=&#8220;default&#8220; column_direction_phone=&#8220;default&#8220; bg_image=&#8220;4564&#8243; bg_position=&#8220;center center&#8220; background_image_loading=&#8220;default&#8220; bg_repeat=&#8220;no-repeat&#8220; scene_position=&#8220;center&#8220; text_color=&#8220;dark&#8220; text_align=&#8220;left&#8220; row_border_radius=&#8220;none&#8220; row_border_radius_applies=&#8220;bg&#8220; overflow=&#8220;visible&#8220; class=&#8220;lineaMontBianca&#8220; enable_gradient=&#8220;true&#8220; color_overlay=&#8220;rgba(0,0,0,0.55)&#8220; color_overlay_2=&#8220;rgba(0,0,0,0.01)&#8220; overlay_strength=&#8220;1&#8243; gradient_direction=&#8220;top_to_bottom&#8220; shape_divider_position=&#8220;bottom&#8220; bg_image_animation=&#8220;none&#8220; gradient_type=&#8220;default&#8220; shape_type=&#8220;&#8220;][vc_column column_padding=&#8220;no-extra-padding&#8220; column_padding_tablet=&#8220;inherit&#8220;...","og_url":"https:\/\/www.sauris.org\/de\/was-tun\/und-bei-regen-oder-fehlendem-schnee\/","og_site_name":"Sauris Zahre","article_publisher":"https:\/\/www.facebook.com\/SaurisZahre","article_modified_time":"2024-06-18T12:46:33+00:00","og_image":[{"width":1920,"height":1080,"url":"https:\/\/www.sauris.org\/wp-content\/uploads\/2023\/11\/header-home-01.jpg","type":"image\/jpeg"}],"twitter_card":"summary_large_image","twitter_misc":{"Gesch\u00e4tzte Lesezeit":"4 Minuten"},"schema":{"@context":"https:\/\/schema.org","@graph":[{"@type":"WebPage","@id":"https:\/\/www.sauris.org\/de\/was-tun\/und-bei-regen-oder-fehlendem-schnee\/","url":"https:\/\/www.sauris.org\/de\/was-tun\/und-bei-regen-oder-fehlendem-schnee\/","name":"Und bei Regen oder fehlendem Schnee? &#8226; Sauris Zahre","isPartOf":{"@id":"https:\/\/www.sauris.org\/#website"},"datePublished":"2024-01-11T14:47:50+00:00","dateModified":"2024-06-18T12:46:33+00:00","breadcrumb":{"@id":"https:\/\/www.sauris.org\/de\/was-tun\/und-bei-regen-oder-fehlendem-schnee\/#breadcrumb"},"inLanguage":"de-DE","potentialAction":[{"@type":"ReadAction","target":["https:\/\/www.sauris.org\/de\/was-tun\/und-bei-regen-oder-fehlendem-schnee\/"]}]},{"@type":"BreadcrumbList","@id":"https:\/\/www.sauris.org\/de\/was-tun\/und-bei-regen-oder-fehlendem-schnee\/#breadcrumb","itemListElement":[{"@type":"ListItem","position":1,"name":"Home","item":"https:\/\/www.sauris.org\/de\/"},{"@type":"ListItem","position":2,"name":"Was tun","item":"https:\/\/www.sauris.org\/de\/was-tun\/"},{"@type":"ListItem","position":3,"name":"Und bei Regen oder fehlendem Schnee?"}]},{"@type":"WebSite","@id":"https:\/\/www.sauris.org\/#website","url":"https:\/\/www.sauris.org\/","name":"Rete Sauris","description":"Turismo Sauris Friuli Venezia Giulia","publisher":{"@id":"https:\/\/www.sauris.org\/#organization"},"potentialAction":[{"@type":"SearchAction","target":{"@type":"EntryPoint","urlTemplate":"https:\/\/www.sauris.org\/?s={search_term_string}"},"query-input":{"@type":"PropertyValueSpecification","valueRequired":true,"valueName":"search_term_string"}}],"inLanguage":"de-DE"},{"@type":"Organization","@id":"https:\/\/www.sauris.org\/#organization","name":"Turismo Sauris Friuli Venezia Giulia","url":"https:\/\/www.sauris.org\/","logo":{"@type":"ImageObject","inLanguage":"de-DE","@id":"https:\/\/www.sauris.org\/#\/schema\/logo\/image\/","url":"https:\/\/www.sauris.org\/wp-content\/uploads\/2023\/11\/rete-sauris-logo-bianco.png","contentUrl":"https:\/\/www.sauris.org\/wp-content\/uploads\/2023\/11\/rete-sauris-logo-bianco.png","width":512,"height":105,"caption":"Turismo Sauris Friuli Venezia Giulia"},"image":{"@id":"https:\/\/www.sauris.org\/#\/schema\/logo\/image\/"},"sameAs":["https:\/\/www.facebook.com\/SaurisZahre"]}]}},"_links":{"self":[{"href":"https:\/\/www.sauris.org\/de\/wp-json\/wp\/v2\/pages\/19863"}],"collection":[{"href":"https:\/\/www.sauris.org\/de\/wp-json\/wp\/v2\/pages"}],"about":[{"href":"https:\/\/www.sauris.org\/de\/wp-json\/wp\/v2\/types\/page"}],"author":[{"embeddable":true,"href":"https:\/\/www.sauris.org\/de\/wp-json\/wp\/v2\/users\/15"}],"replies":[{"embeddable":true,"href":"https:\/\/www.sauris.org\/de\/wp-json\/wp\/v2\/comments?post=19863"}],"version-history":[{"count":3,"href":"https:\/\/www.sauris.org\/de\/wp-json\/wp\/v2\/pages\/19863\/revisions"}],"predecessor-version":[{"id":26632,"href":"https:\/\/www.sauris.org\/de\/wp-json\/wp\/v2\/pages\/19863\/revisions\/26632"}],"up":[{"embeddable":true,"href":"https:\/\/www.sauris.org\/de\/wp-json\/wp\/v2\/pages\/20023"}],"wp:attachment":[{"href":"https:\/\/www.sauris.org\/de\/wp-json\/wp\/v2\/media?parent=19863"}],"curies":[{"name":"wp","href":"https:\/\/api.w.org\/{rel}","templated":true}]}}